{"id":11,"date":"2021-11-21T15:12:46","date_gmt":"2021-11-21T15:12:46","guid":{"rendered":"http:\/\/icloudit.com.br\/?page_id=11"},"modified":"2024-12-24T05:27:54","modified_gmt":"2024-12-24T08:27:54","slug":"home","status":"publish","type":"page","link":"https:\/\/icloudit.com.br\/","title":{"rendered":"In\u00edcio"},"content":{"rendered":"<style>\/*! elementor - v3.6.5 - 27-04-2022 *\/<br \/>\n.elementor-heading-title{padding:0;margin:0;line-height:1}.elementor-widget-heading .elementor-heading-title[class*=elementor-size-]>a{color:inherit;font-size:inherit;line-height:inherit}.elementor-widget-heading .elementor-heading-title.elementor-size-small{font-size:15px}.elementor-widget-heading .elementor-heading-title.elementor-size-medium{font-size:19px}.elementor-widget-heading .elementor-heading-title.elementor-size-large{font-size:29px}.elementor-widget-heading .elementor-heading-title.elementor-size-xl{font-size:39px}.elementor-widget-heading .elementor-heading-title.elementor-size-xxl{font-size:59px}<\/style>\n<h1>IcloudIt<\/h1>\n<p>Especialista em Hardware Novos, Usados, Recondicionado e Servi\u00e7os<\/p>\n<h2>Nossos Servi\u00e7os<\/h2>\n<style>\/*! elementor - v3.6.5 - 27-04-2022 *\/<br \/>\n.elementor-widget-divider{--divider-border-style:none;--divider-border-width:1px;--divider-color:#2c2c2c;--divider-icon-size:20px;--divider-element-spacing:10px;--divider-pattern-height:24px;--divider-pattern-size:20px;--divider-pattern-url:none;--divider-pattern-repeat:repeat-x}.elementor-widget-divider .elementor-divider{display:-webkit-box;display:-ms-flexbox;display:flex}.elementor-widget-divider .elementor-divider__text{font-size:15px;line-height:1;max-width:95%}.elementor-widget-divider .elementor-divider__element{margin:0 var(--divider-element-spacing);-ms-flex-negative:0;flex-shrink:0}.elementor-widget-divider .elementor-icon{font-size:var(--divider-icon-size)}.elementor-widget-divider .elementor-divider-separator{display:-webkit-box;display:-ms-flexbox;display:flex;margin:0;direction:ltr}.elementor-widget-divider--view-line_icon .elementor-divider-separator,.elementor-widget-divider--view-line_text .elementor-divider-separator{-webkit-box-align:center;-ms-flex-align:center;align-items:center}.elementor-widget-divider--view-line_icon .elementor-divider-separator:after,.elementor-widget-divider--view-line_icon .elementor-divider-separator:before,.elementor-widget-divider--view-line_text .elementor-divider-separator:after,.elementor-widget-divider--view-line_text .elementor-divider-separator:before{display:block;content:\"\";border-bottom:0;-webkit-box-flex:1;-ms-flex-positive:1;flex-grow:1;border-top:var(--divider-border-width) var(--divider-border-style) var(--divider-color)}.elementor-widget-divider--element-align-left .elementor-divider .elementor-divider-separator>.elementor-divider__svg:first-of-type{-webkit-box-flex:0;-ms-flex-positive:0;flex-grow:0;-ms-flex-negative:100;flex-shrink:100}.elementor-widget-divider--element-align-left .elementor-divider-separator:before{content:none}.elementor-widget-divider--element-align-left .elementor-divider__element{margin-left:0}.elementor-widget-divider--element-align-right .elementor-divider .elementor-divider-separator>.elementor-divider__svg:last-of-type{-webkit-box-flex:0;-ms-flex-positive:0;flex-grow:0;-ms-flex-negative:100;flex-shrink:100}.elementor-widget-divider--element-align-right .elementor-divider-separator:after{content:none}.elementor-widget-divider--element-align-right .elementor-divider__element{margin-right:0}.elementor-widget-divider:not(.elementor-widget-divider--view-line_text):not(.elementor-widget-divider--view-line_icon) .elementor-divider-separator{border-top:var(--divider-border-width) var(--divider-border-style) var(--divider-color)}.elementor-widget-divider--separator-type-pattern{--divider-border-style:none}.elementor-widget-divider--separator-type-pattern.elementor-widget-divider--view-line .elementor-divider-separator,.elementor-widget-divider--separator-type-pattern:not(.elementor-widget-divider--view-line) .elementor-divider-separator:after,.elementor-widget-divider--separator-type-pattern:not(.elementor-widget-divider--view-line) .elementor-divider-separator:before,.elementor-widget-divider--separator-type-pattern:not([class*=elementor-widget-divider--view]) .elementor-divider-separator{width:100%;min-height:var(--divider-pattern-height);-webkit-mask-size:var(--divider-pattern-size) 100%;mask-size:var(--divider-pattern-size) 100%;-webkit-mask-repeat:var(--divider-pattern-repeat);mask-repeat:var(--divider-pattern-repeat);background-color:var(--divider-color);-webkit-mask-image:var(--divider-pattern-url);mask-image:var(--divider-pattern-url)}.elementor-widget-divider--no-spacing{--divider-pattern-size:auto}.elementor-widget-divider--bg-round{--divider-pattern-repeat:round}.rtl .elementor-widget-divider .elementor-divider__text{direction:rtl}<\/style>\n<p>&nbsp;<\/p>\n<h5>Dispositivo de Rede<\/h5>\n<h5>Servidores e Storages<\/h5>\n<h5>Opera\u00e7\u00e3o e Suporte<\/h5>\n<h5>Consolida\u00e7\u00e3o e Virtualiza\u00e7\u00e3o<\/h5>\n<h5>Migra\u00e7\u00e3o<\/h5>\n<h5>Simplifica\u00e7\u00e3o e Desempenho<\/h5>\n<h4>Sobre<\/h4>\n<p>Trabalhamos com alguns dos melhores fabricantes da ind\u00fastria de TI: Sun, IBM, Cisco, Dell, HP\/Compaq&#8230;<\/p>\n<p>Saiba mais<\/p>\n<style>\/*! elementor - v3.6.5 - 27-04-2022 *\/<br \/>\n.elementor-widget-image{text-align:center}.elementor-widget-image a{display:inline-block}.elementor-widget-image a img[src$=\".svg\"]{width:48px}.elementor-widget-image img{vertical-align:middle;display:inline-block}<\/style>\n<p><img fetchpriority=\"high\" decoding=\"async\" src=\"https:\/\/icloudit.com.br\/wp-content\/uploads\/2022\/05\/cursos-para-quem-gosta-de-tecnologia1.jpg\" sizes=\"(max-width: 1200px) 100vw, 1200px\" srcset=\"https:\/\/icloudit.com.br\/wp-content\/uploads\/2022\/05\/cursos-para-quem-gosta-de-tecnologia1.jpg 1200w, https:\/\/icloudit.com.br\/wp-content\/uploads\/2022\/05\/cursos-para-quem-gosta-de-tecnologia1-300x157.jpg 300w, https:\/\/icloudit.com.br\/wp-content\/uploads\/2022\/05\/cursos-para-quem-gosta-de-tecnologia1-1024x536.jpg 1024w, https:\/\/icloudit.com.br\/wp-content\/uploads\/2022\/05\/cursos-para-quem-gosta-de-tecnologia1-768x402.jpg 768w\" alt=\"\" width=\"1200\" height=\"628\" \/><\/p>\n<h2>Atendimento<\/h2>\n<h5>Gerenciamento de Incidentes<\/h5>\n<p>Monitora\u00e7\u00e3o:<br \/>\n* Identifica\u00e7\u00e3o de Alerta;<br \/>\n* Registro da Ocorr\u00eancia;<br \/>\n* Acionamentos e Comunica\u00e7\u00e3o.<\/p>\n<p><a href=\"https:\/\/www.roughrideguide.co.uk\/flexslider\/\">rolex replica uk<\/a>,<a href=\"https:\/\/www.sporthorsegb.co.uk\/news.asp\">rolex replica watches<\/a>,<a href=\"https:\/\/www.mrlakefront.net\/omega.php\">omega replica<\/a>.<\/p>\n<h5>Gerenciamento de Problemas<\/h5>\n<p>* Identificar, avaliar e documentar erros;<br \/>\n* Identificar causa raiz;<br \/>\n* Reduzir n\u00famero de chamados;<br \/>\n* Melhoria cont\u00ednua.<\/p>\n<h5>Ger\u00eancia Financeira<\/h5>\n<p>* Estimativas de esfor\u00e7os, prazos, or\u00e7amentos para projetos.<\/p>\n<h1>QUEST\u00d5ES?<\/h1>\n<p>Se voc\u00ea est\u00e1 curioso sobre recursos, uma avalia\u00e7\u00e3o gratuita ou at\u00e9 mesmo imprensa, estamos aqui para responder a quaisquer perguntas.<\/p>\n<p>Saiba mais<br \/>\n%3181725802586323%%1401727191693158%%8931727926004219%%5311728184398561%<\/p>\n","protected":false},"excerpt":{"rendered":"<p>IcloudIt Especialista em Hardware Novos, Usados, Recondicionado e Servi\u00e7os Nossos Servi\u00e7os &nbsp; Dispositivo de Rede Servidores e Storages Opera\u00e7\u00e3o e Suporte Consolida\u00e7\u00e3o e Virtualiza\u00e7\u00e3o Migra\u00e7\u00e3o Simplifica\u00e7\u00e3o e Desempenho Sobre Trabalhamos com alguns dos melhores fabricantes da ind\u00fastria de TI: Sun, IBM, Cisco, Dell, HP\/Compaq&#8230; Saiba mais Atendimento Gerenciamento de Incidentes Monitora\u00e7\u00e3o: * Identifica\u00e7\u00e3o de Alerta; [&hellip;]<\/p>\n","protected":false},"author":4,"featured_media":0,"parent":0,"menu_order":0,"comment_status":"closed","ping_status":"closed","template":"elementor_header_footer","meta":{"om_disable_all_campaigns":false,"_monsterinsights_skip_tracking":false,"_monsterinsights_sitenote_active":false,"_monsterinsights_sitenote_note":"","_monsterinsights_sitenote_category":0,"site-sidebar-layout":"no-sidebar","site-content-layout":"page-builder","ast-site-content-layout":"full-width-container","site-content-style":"unboxed","site-sidebar-style":"unboxed","ast-global-header-display":"","ast-banner-title-visibility":"","ast-main-header-display":"","ast-hfb-above-header-display":"","ast-hfb-below-header-display":"","ast-hfb-mobile-header-display":"","site-post-title":"disabled","ast-breadcrumbs-content":"","ast-featured-img":"disabled","footer-sml-layout":"","ast-disable-related-posts":"","theme-transparent-header-meta":"enabled","adv-header-id-meta":"","stick-header-meta":"","header-above-stick-meta":"","header-main-stick-meta":"","header-below-stick-meta":"","astra-migrate-meta-layouts":"set","ast-page-background-enabled":"default","ast-page-background-meta":{"desktop":{"background-color":"var(--ast-global-color-4)","background-image":"","background-repeat":"repeat","background-position":"center center","background-size":"auto","background-attachment":"scroll","background-type":"","background-media":"","overlay-type":"","overlay-color":"","overlay-opacity":"","overlay-gradient":""},"tablet":{"background-color":"","background-image":"","background-repeat":"repeat","background-position":"center center","background-size":"auto","background-attachment":"scroll","background-type":"","background-media":"","overlay-type":"","overlay-color":"","overlay-opacity":"","overlay-gradient":""},"mobile":{"background-color":"","background-image":"","background-repeat":"repeat","background-position":"center center","background-size":"auto","background-attachment":"scroll","background-type":"","background-media":"","overlay-type":"","overlay-color":"","overlay-opacity":"","overlay-gradient":""}},"ast-content-background-meta":{"desktop":{"background-color":"var(--ast-global-color-5)","background-image":"","background-repeat":"repeat","background-position":"center center","background-size":"auto","background-attachment":"scroll","background-type":"","background-media":"","overlay-type":"","overlay-color":"","overlay-opacity":"","overlay-gradient":""},"tablet":{"background-color":"var(--ast-global-color-5)","background-image":"","background-repeat":"repeat","background-position":"center center","background-size":"auto","background-attachment":"scroll","background-type":"","background-media":"","overlay-type":"","overlay-color":"","overlay-opacity":"","overlay-gradient":""},"mobile":{"background-color":"var(--ast-global-color-5)","background-image":"","background-repeat":"repeat","background-position":"center center","background-size":"auto","background-attachment":"scroll","background-type":"","background-media":"","overlay-type":"","overlay-color":"","overlay-opacity":"","overlay-gradient":""}},"footnotes":""},"class_list":["post-11","page","type-page","status-publish","hentry"],"aioseo_notices":[],"_links":{"self":[{"href":"https:\/\/icloudit.com.br\/index.php?rest_route=\/wp\/v2\/pages\/11","targetHints":{"allow":["GET"]}}],"collection":[{"href":"https:\/\/icloudit.com.br\/index.php?rest_route=\/wp\/v2\/pages"}],"about":[{"href":"https:\/\/icloudit.com.br\/index.php?rest_route=\/wp\/v2\/types\/page"}],"author":[{"embeddable":true,"href":"https:\/\/icloudit.com.br\/index.php?rest_route=\/wp\/v2\/users\/4"}],"replies":[{"embeddable":true,"href":"https:\/\/icloudit.com.br\/index.php?rest_route=%2Fwp%2Fv2%2Fcomments&post=11"}],"version-history":[{"count":6,"href":"https:\/\/icloudit.com.br\/index.php?rest_route=\/wp\/v2\/pages\/11\/revisions"}],"predecessor-version":[{"id":2063,"href":"https:\/\/icloudit.com.br\/index.php?rest_route=\/wp\/v2\/pages\/11\/revisions\/2063"}],"wp:attachment":[{"href":"https:\/\/icloudit.com.br\/index.php?rest_route=%2Fwp%2Fv2%2Fmedia&parent=11"}],"curies":[{"name":"wp","href":"https:\/\/api.w.org\/{rel}","templated":true}]}}