{"id":14,"date":"2021-11-21T15:14:19","date_gmt":"2021-11-21T15:14:19","guid":{"rendered":"http:\/\/icloudit.com.br\/?page_id=14"},"modified":"2024-12-24T05:18:36","modified_gmt":"2024-12-24T08:18:36","slug":"about","status":"publish","type":"page","link":"https:\/\/icloudit.com.br\/?page_id=14","title":{"rendered":"Sobre"},"content":{"rendered":"<style>\/*! elementor - v3.6.5 - 27-04-2022 *\/<br \/>\n.elementor-heading-title{padding:0;margin:0;line-height:1}.elementor-widget-heading .elementor-heading-title[class*=elementor-size-]>a{color:inherit;font-size:inherit;line-height:inherit}.elementor-widget-heading .elementor-heading-title.elementor-size-small{font-size:15px}.elementor-widget-heading .elementor-heading-title.elementor-size-medium{font-size:19px}.elementor-widget-heading .elementor-heading-title.elementor-size-large{font-size:29px}.elementor-widget-heading .elementor-heading-title.elementor-size-xl{font-size:39px}.elementor-widget-heading .elementor-heading-title.elementor-size-xxl{font-size:59px}<\/style>\n<h1>Sobre a Icloudit<\/h1>\n<h2>A Icloudit<\/h2>\n<style>\/*! elementor - v3.6.5 - 27-04-2022 *\/<br \/>\n.elementor-widget-divider{--divider-border-style:none;--divider-border-width:1px;--divider-color:#2c2c2c;--divider-icon-size:20px;--divider-element-spacing:10px;--divider-pattern-height:24px;--divider-pattern-size:20px;--divider-pattern-url:none;--divider-pattern-repeat:repeat-x}.elementor-widget-divider .elementor-divider{display:-webkit-box;display:-ms-flexbox;display:flex}.elementor-widget-divider .elementor-divider__text{font-size:15px;line-height:1;max-width:95%}.elementor-widget-divider .elementor-divider__element{margin:0 var(--divider-element-spacing);-ms-flex-negative:0;flex-shrink:0}.elementor-widget-divider .elementor-icon{font-size:var(--divider-icon-size)}.elementor-widget-divider .elementor-divider-separator{display:-webkit-box;display:-ms-flexbox;display:flex;margin:0;direction:ltr}.elementor-widget-divider--view-line_icon .elementor-divider-separator,.elementor-widget-divider--view-line_text .elementor-divider-separator{-webkit-box-align:center;-ms-flex-align:center;align-items:center}.elementor-widget-divider--view-line_icon .elementor-divider-separator:after,.elementor-widget-divider--view-line_icon .elementor-divider-separator:before,.elementor-widget-divider--view-line_text .elementor-divider-separator:after,.elementor-widget-divider--view-line_text .elementor-divider-separator:before{display:block;content:\"\";border-bottom:0;-webkit-box-flex:1;-ms-flex-positive:1;flex-grow:1;border-top:var(--divider-border-width) var(--divider-border-style) var(--divider-color)}.elementor-widget-divider--element-align-left .elementor-divider .elementor-divider-separator>.elementor-divider__svg:first-of-type{-webkit-box-flex:0;-ms-flex-positive:0;flex-grow:0;-ms-flex-negative:100;flex-shrink:100}.elementor-widget-divider--element-align-left .elementor-divider-separator:before{content:none}.elementor-widget-divider--element-align-left .elementor-divider__element{margin-left:0}.elementor-widget-divider--element-align-right .elementor-divider .elementor-divider-separator>.elementor-divider__svg:last-of-type{-webkit-box-flex:0;-ms-flex-positive:0;flex-grow:0;-ms-flex-negative:100;flex-shrink:100}.elementor-widget-divider--element-align-right .elementor-divider-separator:after{content:none}.elementor-widget-divider--element-align-right .elementor-divider__element{margin-right:0}.elementor-widget-divider:not(.elementor-widget-divider--view-line_text):not(.elementor-widget-divider--view-line_icon) .elementor-divider-separator{border-top:var(--divider-border-width) var(--divider-border-style) var(--divider-color)}.elementor-widget-divider--separator-type-pattern{--divider-border-style:none}.elementor-widget-divider--separator-type-pattern.elementor-widget-divider--view-line .elementor-divider-separator,.elementor-widget-divider--separator-type-pattern:not(.elementor-widget-divider--view-line) .elementor-divider-separator:after,.elementor-widget-divider--separator-type-pattern:not(.elementor-widget-divider--view-line) .elementor-divider-separator:before,.elementor-widget-divider--separator-type-pattern:not([class*=elementor-widget-divider--view]) .elementor-divider-separator{width:100%;min-height:var(--divider-pattern-height);-webkit-mask-size:var(--divider-pattern-size) 100%;mask-size:var(--divider-pattern-size) 100%;-webkit-mask-repeat:var(--divider-pattern-repeat);mask-repeat:var(--divider-pattern-repeat);background-color:var(--divider-color);-webkit-mask-image:var(--divider-pattern-url);mask-image:var(--divider-pattern-url)}.elementor-widget-divider--no-spacing{--divider-pattern-size:auto}.elementor-widget-divider--bg-round{--divider-pattern-repeat:round}.rtl .elementor-widget-divider .elementor-divider__text{direction:rtl}<\/style>\n<p>A Tecnologia da Informa\u00e7\u00e3o edifica, apoia, sustenta e colabora com as mais diversas atividades de neg\u00f3cio. A\u00a0<b>Icloudit<\/b> est\u00e1 presente no mercado h\u00e1 20 anos para sustentar as equipes de TI na condu\u00e7\u00e3o da manuten\u00e7\u00e3o dos\u00a0n\u00edveis de servi\u00e7os, para que os seus executivos tenham suas linhas de neg\u00f3cio (LOBs) como foco.<br \/>\nA <b>Icloudit<\/b> \u00e9 uma empresa especializada em monitora\u00e7\u00e3o, opera\u00e7\u00e3o e suporte em infraestrutura de ambiente de\u00a0datacenter, que domina todas as camadas de plataformas servidoras envolvendo redes (switches, WiFi, switches SAN e firewalls), servidores, storage, plataformas de virtualiza\u00e7\u00e3o, sistemas operacionais, banco de dados e\u00a0middleware.<\/p>\n<h3><b>Modelo de Neg\u00f3cios Icloudit<\/b><\/h3>\n<p>Nosso modelo de neg\u00f3cio tem como finalidade, al\u00e9m da redu\u00e7\u00e3o de custos e agilidade na opera\u00e7\u00e3o, atuar como\u00a0uma TI estendida dos nossos clientes, assumindo a postura de SPOC (Single Point of Contact), ponto \u00fanico de\u00a0contato entre o nosso cliente e os seus outros fornecedores de Tecnologia da Informa\u00e7\u00e3o, permitindo, assim, aos\u00a0nossos clientes, as tomadas de decis\u00e3o focadas no desenvolvimento de suas estrat\u00e9gias.<br \/>\nComo estrat\u00e9gia principal a <b>Icloudit<\/b> opta por ir al\u00e9m da monitora\u00e7\u00e3o de hardware e software, assumindo\u00a0tamb\u00e9m a monitora\u00e7\u00e3o do neg\u00f3cio do cliente, desenvolvendo, em parceria, indicadores de neg\u00f3cio relevantes para\u00a0as devidas tomadas de decis\u00e3o, com vistas a sustenta\u00e7\u00e3o da infraestrutura atual e proje\u00e7\u00e3o de crescimento de\u00a0acordo com a necessidade de crescimento do neg\u00f3cio dos nossos clientes.<br \/>\nEm resumo a <b>Icloudit<\/b> ajuda os seus clientes a crescer e investir nas \u00e1reas e recursos onde o investimento \u00e9\u00a0realmente necess\u00e1rio.<br \/>\nA <b>Icloudit<\/b> tamb\u00e9m conta com profissionais altamente especializados, com expertise em diversas tecnologias,\u00a0prontos para avaliar, propor, implementar e suportar todas as mudan\u00e7as necess\u00e1rias, seja em ongoing ou projeto\u00a0para suportar o crescimento org\u00e2nico, bem como, o crescimento por investimentos de merge ou acquisitions.<\/p>\n<style>\/*! elementor - v3.6.5 - 27-04-2022 *\/<br \/>\n.elementor-widget-image{text-align:center}.elementor-widget-image a{display:inline-block}.elementor-widget-image a img[src$=\".svg\"]{width:48px}.elementor-widget-image img{vertical-align:middle;display:inline-block}<\/style>\n<p><img fetchpriority=\"high\" decoding=\"async\" src=\"https:\/\/icloudit.com.br\/wp-content\/uploads\/2022\/05\/images.jpg\" sizes=\"(max-width: 318px) 100vw, 318px\" srcset=\"https:\/\/icloudit.com.br\/wp-content\/uploads\/2022\/05\/images.jpg 318w, https:\/\/icloudit.com.br\/wp-content\/uploads\/2022\/05\/images-300x150.jpg 300w\" alt=\"\" width=\"318\" height=\"159\" \/><\/p>\n<p>\u00c9 uma empresa especializada em infraestrutura de ambiente de datacenter, que domina todas as camadas de plataformas de\u00a0Tecnologia da Informa\u00e7\u00e3o, com maior especializa\u00e7\u00e3o em redes, servidores (RISC e CISC), storages, plataformas de virtualiza\u00e7\u00e3o,\u00a0sistemas operacionais, banco de dados e servidores de aplica\u00e7\u00e3o.<br \/>\nNosso diferencial \u00e9 se encaixar na \u00e1rea de tecnologia dos nossos clientes assumindo a fun\u00e7\u00e3o de TI estendida, fazendo o papel de\u00a0ponto \u00fanico de contato entre o nosso cliente e os outros fornecedores de Tecnologia da Informa\u00e7\u00e3o, trabalhando com n\u00edveis de\u00a0servi\u00e7o que atendam \u00e0 criticidade do neg\u00f3cio.<br \/>\nA Informatec tamb\u00e9m trabalha com o conceito de indicadores de neg\u00f3cio, o que se tornou uma vantagem competitiva tanto para a\u00a0Informatec como para os clientes onde esse modelo \u00e9 implementado, pois este conceito de monitora\u00e7\u00e3o de hardware e software est\u00e1\u00a0diretamente atrelado a entrega do neg\u00f3cio, o que gera uma vis\u00e3o hier\u00e1rquica dos recursos de datacenter que sustentam a fun\u00e7\u00e3o de\u00a0neg\u00f3cio que est\u00e1 sendo monitorado, agregando maior sensibilidade e prioridade ao atendimento dos itens mais cr\u00edticos para o neg\u00f3cio dos nossos clientes.<a href=\"https:\/\/watches1.is\/\">replica watches<\/a><\/p>\n<p><b>Porque existimos?<\/b><br \/>\nPara sustentar a manuten\u00e7\u00e3o da performance da entrega dos servi\u00e7os de tecnologia para o neg\u00f3cio dos nossos clientes.<br \/>\n<b>Como garantimos esta sustenta\u00e7\u00e3o?<\/b><br \/>\nMonitorando toda cadeia de servi\u00e7os em regime 24&#215;7, dos:<br \/>\n<b>*<\/b> Processos de Neg\u00f3cio;<br \/>\n<b>* <\/b>Itens de Ambientes Servidores; e<br \/>\n<b>*<\/b> Elementos (\u201cCoisas\u201d) Funcionais.<br \/>\n<b>Agregando n\u00edveis de servi\u00e7os:<\/b><br \/>\n* Na detec\u00e7\u00e3o de n\u00e3o conformidades;<br \/>\n* Na comunica\u00e7\u00e3o dos impactos;<br \/>\n* No estabelecimento de solu\u00e7\u00e3o de contorno.<br \/>\n<b>Onde agregamos valor?<\/b><br \/>\n* No suporte especializado a tecnologias servidoras;<br \/>\n* Na coleta de m\u00e9tricas relacionadas a entrega ao neg\u00f3cio;<br \/>\n* Na orquestra\u00e7\u00e3o de ambientes de datacenter complexos;<br \/>\n* Nas respostas r\u00e1pidas e assertivas<\/p>\n<h1>Parceiros e Certificado<\/h1>\n<p><img decoding=\"async\" src=\"https:\/\/icloudit.com.br\/wp-content\/uploads\/2022\/05\/89-891514_ibm-business-partner-ibm-business-partner-logo-png.png\" sizes=\"(max-width: 820px) 100vw, 820px\" srcset=\"https:\/\/icloudit.com.br\/wp-content\/uploads\/2022\/05\/89-891514_ibm-business-partner-ibm-business-partner-logo-png.png 820w, https:\/\/icloudit.com.br\/wp-content\/uploads\/2022\/05\/89-891514_ibm-business-partner-ibm-business-partner-logo-png-300x156.png 300w, https:\/\/icloudit.com.br\/wp-content\/uploads\/2022\/05\/89-891514_ibm-business-partner-ibm-business-partner-logo-png-768x400.png 768w\" alt=\"\" width=\"820\" height=\"427\" \/><br \/>\n<img decoding=\"async\" src=\"https:\/\/icloudit.com.br\/wp-content\/uploads\/2022\/05\/Mpt62-IBM-Tivoli-Integration.png\" sizes=\"(max-width: 307px) 100vw, 307px\" srcset=\"https:\/\/icloudit.com.br\/wp-content\/uploads\/2022\/05\/Mpt62-IBM-Tivoli-Integration.png 307w, https:\/\/icloudit.com.br\/wp-content\/uploads\/2022\/05\/Mpt62-IBM-Tivoli-Integration-300x210.png 300w\" alt=\"\" width=\"307\" height=\"215\" \/><br \/>\n<img loading=\"lazy\" decoding=\"async\" src=\"https:\/\/icloudit.com.br\/wp-content\/uploads\/2022\/05\/download.png\" sizes=\"(max-width: 319px) 100vw, 319px\" srcset=\"https:\/\/icloudit.com.br\/wp-content\/uploads\/2022\/05\/download.png 319w, https:\/\/icloudit.com.br\/wp-content\/uploads\/2022\/05\/download-300x149.png 300w\" alt=\"\" width=\"319\" height=\"158\" \/><br \/>\n<img loading=\"lazy\" decoding=\"async\" src=\"https:\/\/icloudit.com.br\/wp-content\/uploads\/2022\/05\/243-2432562_vmware-partner-logo-1-copy-vmware-partner-logo-1.png\" sizes=\"(max-width: 820px) 100vw, 820px\" srcset=\"https:\/\/icloudit.com.br\/wp-content\/uploads\/2022\/05\/243-2432562_vmware-partner-logo-1-copy-vmware-partner-logo-1.png 820w, https:\/\/icloudit.com.br\/wp-content\/uploads\/2022\/05\/243-2432562_vmware-partner-logo-1-copy-vmware-partner-logo-1-300x136.png 300w, https:\/\/icloudit.com.br\/wp-content\/uploads\/2022\/05\/243-2432562_vmware-partner-logo-1-copy-vmware-partner-logo-1-768x348.png 768w\" alt=\"\" width=\"820\" height=\"372\" \/><br \/>\n<img loading=\"lazy\" decoding=\"async\" src=\"https:\/\/icloudit.com.br\/wp-content\/uploads\/2022\/05\/kisspng-microsoft-certified-professional-microsoft-certifi-microsoft-teams-5b441538796327.5108728115311885364972.png\" sizes=\"(max-width: 900px) 100vw, 900px\" srcset=\"https:\/\/icloudit.com.br\/wp-content\/uploads\/2022\/05\/kisspng-microsoft-certified-professional-microsoft-certifi-microsoft-teams-5b441538796327.5108728115311885364972.png 900w, https:\/\/icloudit.com.br\/wp-content\/uploads\/2022\/05\/kisspng-microsoft-certified-professional-microsoft-certifi-microsoft-teams-5b441538796327.5108728115311885364972-300x160.png 300w, https:\/\/icloudit.com.br\/wp-content\/uploads\/2022\/05\/kisspng-microsoft-certified-professional-microsoft-certifi-microsoft-teams-5b441538796327.5108728115311885364972-768x410.png 768w\" alt=\"\" width=\"900\" height=\"480\" \/><br \/>\n<img loading=\"lazy\" decoding=\"async\" src=\"https:\/\/icloudit.com.br\/wp-content\/uploads\/2022\/05\/kisspng-ca-technologies-computer-software-information-tech-hyderabad-5abdcd4174cd50.0305693915223882894784-1-150x150.png\" alt=\"\" width=\"150\" height=\"150\" \/><br \/>\n<img loading=\"lazy\" decoding=\"async\" src=\"https:\/\/icloudit.com.br\/wp-content\/uploads\/2022\/05\/18077-oracle-logo-s-.png\" sizes=\"(max-width: 500px) 100vw, 500px\" srcset=\"https:\/\/icloudit.com.br\/wp-content\/uploads\/2022\/05\/18077-oracle-logo-s-.png 500w, https:\/\/icloudit.com.br\/wp-content\/uploads\/2022\/05\/18077-oracle-logo-s--300x121.png 300w\" alt=\"\" width=\"500\" height=\"202\" \/><\/p>\n","protected":false},"excerpt":{"rendered":"<p>Sobre a Icloudit A Icloudit A Tecnologia da Informa\u00e7\u00e3o edifica, apoia, sustenta e colabora com as mais diversas atividades de neg\u00f3cio. A\u00a0Icloudit est\u00e1 presente no mercado h\u00e1 20 anos para sustentar as equipes de TI na condu\u00e7\u00e3o da manuten\u00e7\u00e3o dos\u00a0n\u00edveis de servi\u00e7os, para que os seus executivos tenham suas linhas de neg\u00f3cio (LOBs) como foco. [&hellip;]<\/p>\n","protected":false},"author":4,"featured_media":0,"parent":0,"menu_order":0,"comment_status":"closed","ping_status":"closed","template":"elementor_header_footer","meta":{"om_disable_all_campaigns":false,"_monsterinsights_skip_tracking":false,"_monsterinsights_sitenote_active":false,"_monsterinsights_sitenote_note":"","_monsterinsights_sitenote_category":0,"site-sidebar-layout":"no-sidebar","site-content-layout":"page-builder","ast-site-content-layout":"full-width-container","site-content-style":"unboxed","site-sidebar-style":"unboxed","ast-global-header-display":"","ast-banner-title-visibility":"","ast-main-header-display":"","ast-hfb-above-header-display":"","ast-hfb-below-header-display":"","ast-hfb-mobile-header-display":"","site-post-title":"disabled","ast-breadcrumbs-content":"","ast-featured-img":"disabled","footer-sml-layout":"","ast-disable-related-posts":"","theme-transparent-header-meta":"enabled","adv-header-id-meta":"","stick-header-meta":"","header-above-stick-meta":"","header-main-stick-meta":"","header-below-stick-meta":"","astra-migrate-meta-layouts":"set","ast-page-background-enabled":"default","ast-page-background-meta":{"desktop":{"background-color":"var(--ast-global-color-4)","background-image":"","background-repeat":"repeat","background-position":"center center","background-size":"auto","background-attachment":"scroll","background-type":"","background-media":"","overlay-type":"","overlay-color":"","overlay-opacity":"","overlay-gradient":""},"tablet":{"background-color":"","background-image":"","background-repeat":"repeat","background-position":"center center","background-size":"auto","background-attachment":"scroll","background-type":"","background-media":"","overlay-type":"","overlay-color":"","overlay-opacity":"","overlay-gradient":""},"mobile":{"background-color":"","background-image":"","background-repeat":"repeat","background-position":"center center","background-size":"auto","background-attachment":"scroll","background-type":"","background-media":"","overlay-type":"","overlay-color":"","overlay-opacity":"","overlay-gradient":""}},"ast-content-background-meta":{"desktop":{"background-color":"var(--ast-global-color-5)","background-image":"","background-repeat":"repeat","background-position":"center center","background-size":"auto","background-attachment":"scroll","background-type":"","background-media":"","overlay-type":"","overlay-color":"","overlay-opacity":"","overlay-gradient":""},"tablet":{"background-color":"var(--ast-global-color-5)","background-image":"","background-repeat":"repeat","background-position":"center center","background-size":"auto","background-attachment":"scroll","background-type":"","background-media":"","overlay-type":"","overlay-color":"","overlay-opacity":"","overlay-gradient":""},"mobile":{"background-color":"var(--ast-global-color-5)","background-image":"","background-repeat":"repeat","background-position":"center center","background-size":"auto","background-attachment":"scroll","background-type":"","background-media":"","overlay-type":"","overlay-color":"","overlay-opacity":"","overlay-gradient":""}},"footnotes":""},"class_list":["post-14","page","type-page","status-publish","hentry"],"aioseo_notices":[],"_links":{"self":[{"href":"https:\/\/icloudit.com.br\/index.php?rest_route=\/wp\/v2\/pages\/14","targetHints":{"allow":["GET"]}}],"collection":[{"href":"https:\/\/icloudit.com.br\/index.php?rest_route=\/wp\/v2\/pages"}],"about":[{"href":"https:\/\/icloudit.com.br\/index.php?rest_route=\/wp\/v2\/types\/page"}],"author":[{"embeddable":true,"href":"https:\/\/icloudit.com.br\/index.php?rest_route=\/wp\/v2\/users\/4"}],"replies":[{"embeddable":true,"href":"https:\/\/icloudit.com.br\/index.php?rest_route=%2Fwp%2Fv2%2Fcomments&post=14"}],"version-history":[{"count":2,"href":"https:\/\/icloudit.com.br\/index.php?rest_route=\/wp\/v2\/pages\/14\/revisions"}],"predecessor-version":[{"id":2061,"href":"https:\/\/icloudit.com.br\/index.php?rest_route=\/wp\/v2\/pages\/14\/revisions\/2061"}],"wp:attachment":[{"href":"https:\/\/icloudit.com.br\/index.php?rest_route=%2Fwp%2Fv2%2Fmedia&parent=14"}],"curies":[{"name":"wp","href":"https:\/\/api.w.org\/{rel}","templated":true}]}}